{"id":1673,"date":"2025-03-24T10:21:50","date_gmt":"2025-03-24T10:21:50","guid":{"rendered":"https:\/\/econokleen.ca\/?post_type=product&#038;p=1673"},"modified":"2025-03-26T22:45:54","modified_gmt":"2025-03-26T22:45:54","slug":"econo-kleen-24-4x4l","status":"publish","type":"product","link":"https:\/\/econokleen.ca\/en\/product\/econo-kleen-24-4x4l\/","title":{"rendered":"ECONO KLEEN 24 &#8211; 4x4L"},"content":{"rendered":"","protected":false},"excerpt":{"rendered":"<p>Lotion nettoyante pour les mains de couleur mauve ou violette et contenant de la pierre ponce, qui peut \u00eatre utilis\u00e9e avec ou sans eau. Il est sp\u00e9cifiquement \u00e9labor\u00e9 pour \u00e9liminer les taches provenant de produits \u00e0 base d&rsquo;ur\u00e9thane, d&rsquo;encres d&rsquo;impression, de peintures pour m\u00e9taux, d&rsquo;\u00e9poxy, de goudron, ainsi que d&rsquo;huiles et de graisses. La composition contient des nettoyants sp\u00e9ciaux d&rsquo;origine naturelle qui, associ\u00e9s \u00e0 la pierre ponce, travaillent en profondeur pour \u00e9liminer ais\u00e9ment les taches tenaces.<\/p>","protected":false},"featured_media":1677,"comment_status":"open","ping_status":"closed","template":"","meta":{"_uag_custom_page_level_css":"","site-sidebar-layout":"default","site-content-layout":"","ast-site-content-layout":"default","site-content-style":"default","site-sidebar-style":"default","ast-global-header-display":"","ast-banner-title-visibility":"","ast-main-header-display":"","ast-hfb-above-header-display":"","ast-hfb-below-header-display":"","ast-hfb-mobile-header-display":"","site-post-title":"","ast-breadcrumbs-content":"","ast-featured-img":"","footer-sml-layout":"","ast-disable-related-posts":"","theme-transparent-header-meta":"default","adv-header-id-meta":"","stick-header-meta":"","header-above-stick-meta":"","header-main-stick-meta":"","header-below-stick-meta":"","astra-migrate-meta-layouts":"set","ast-page-background-enabled":"default","ast-page-background-meta":{"desktop":{"background-color":"","background-image":"","background-repeat":"repeat","background-position":"center center","background-size":"auto","background-attachment":"scroll","background-type":"","background-media":"","overlay-type":"","overlay-color":"","overlay-opacity":"","overlay-gradient":""},"tablet":{"background-color":"","background-image":"","background-repeat":"repeat","background-position":"center center","background-size":"auto","background-attachment":"scroll","background-type":"","background-media":"","overlay-type":"","overlay-color":"","overlay-opacity":"","overlay-gradient":""},"mobile":{"background-color":"","background-image":"","background-repeat":"repeat","background-position":"center center","background-size":"auto","background-attachment":"scroll","background-type":"","background-media":"","overlay-type":"","overlay-color":"","overlay-opacity":"","overlay-gradient":""}},"ast-content-background-meta":{"desktop":{"background-color":"var(--ast-global-color-5)","background-image":"","background-repeat":"repeat","background-position":"center center","background-size":"auto","background-attachment":"scroll","background-type":"","background-media":"","overlay-type":"","overlay-color":"","overlay-opacity":"","overlay-gradient":""},"tablet":{"background-color":"var(--ast-global-color-5)","background-image":"","background-repeat":"repeat","background-position":"center center","background-size":"auto","background-attachment":"scroll","background-type":"","background-media":"","overlay-type":"","overlay-color":"","overlay-opacity":"","overlay-gradient":""},"mobile":{"background-color":"var(--ast-global-color-5)","background-image":"","background-repeat":"repeat","background-position":"center center","background-size":"auto","background-attachment":"scroll","background-type":"","background-media":"","overlay-type":"","overlay-color":"","overlay-opacity":"","overlay-gradient":""}}},"product_brand":[],"product_cat":[17],"product_tag":[],"class_list":{"0":"post-1673","1":"product","2":"type-product","3":"status-publish","4":"has-post-thumbnail","6":"product_cat-savons-a-main","7":"desktop-align-center","8":"tablet-align-center","9":"mobile-align-center","11":"first","12":"instock","13":"shipping-taxable","14":"purchasable","15":"product-type-variable"},"spectra_custom_meta":{"total_sales":["0"],"_tax_status":["taxable"],"_tax_class":[""],"_manage_stock":["no"],"_backorders":["no"],"_sold_individually":["no"],"_virtual":["no"],"_downloadable":["no"],"_download_limit":["-1"],"_download_expiry":["-1"],"_thumbnail_id":["1677"],"_stock":[null],"_stock_status":["instock"],"_wc_average_rating":["0"],"_wc_review_count":["0"],"_product_attributes":["a:1:{s:6:\"volume\";a:6:{s:4:\"name\";s:6:\"Volume\";s:5:\"value\";s:22:\"Le 4L | Caisse de 4x4L\";s:8:\"position\";i:0;s:10:\"is_visible\";i:0;s:12:\"is_variation\";i:1;s:11:\"is_taxonomy\";i:0;}}"],"_product_version":["9.7.1"],"site-sidebar-layout":["default"],"ast-site-content-layout":["default"],"site-content-style":["default"],"site-sidebar-style":["default"],"theme-transparent-header-meta":["default"],"_edit_lock":["1743029157:2"],"_edit_last":["2"],"astra-migrate-meta-layouts":["set"],"_price":["40","141"],"_uag_css_file_name":["uag-css-1673.css"],"_uag_page_assets":["a:9:{s:3:\"css\";s:0:\"\";s:2:\"js\";s:0:\"\";s:18:\"current_block_list\";a:7:{i:0;s:11:\"core\/search\";i:1;s:10:\"core\/group\";i:2;s:12:\"core\/heading\";i:3;s:17:\"core\/latest-posts\";i:4;s:20:\"core\/latest-comments\";i:5;s:13:\"core\/archives\";i:6;s:15:\"core\/categories\";}s:8:\"uag_flag\";b:0;s:11:\"uag_version\";i:1776810390;s:6:\"gfonts\";a:0:{}s:10:\"gfonts_url\";s:0:\"\";s:12:\"gfonts_files\";a:0:{}s:14:\"uag_faq_layout\";b:0;}"]},"uagb_featured_image_src":{"full":["https:\/\/econokleen.ca\/wp-content\/uploads\/2025\/03\/Photoroom-20241004_150017.png",2048,2048,false],"thumbnail":["https:\/\/econokleen.ca\/wp-content\/uploads\/2025\/03\/Photoroom-20241004_150017-150x150.png",150,150,true],"medium":["https:\/\/econokleen.ca\/wp-content\/uploads\/2025\/03\/Photoroom-20241004_150017-300x300.png",300,300,true],"medium_large":["https:\/\/econokleen.ca\/wp-content\/uploads\/2025\/03\/Photoroom-20241004_150017-768x768.png",768,768,true],"large":["https:\/\/econokleen.ca\/wp-content\/uploads\/2025\/03\/Photoroom-20241004_150017-1024x1024.png",1024,1024,true],"1536x1536":["https:\/\/econokleen.ca\/wp-content\/uploads\/2025\/03\/Photoroom-20241004_150017-1536x1536.png",1536,1536,true],"2048x2048":["https:\/\/econokleen.ca\/wp-content\/uploads\/2025\/03\/Photoroom-20241004_150017.png",2048,2048,false],"trp-custom-language-flag":["https:\/\/econokleen.ca\/wp-content\/uploads\/2025\/03\/Photoroom-20241004_150017.png",12,12,false],"woocommerce_thumbnail":["https:\/\/econokleen.ca\/wp-content\/uploads\/2025\/03\/Photoroom-20241004_150017-300x300.png",300,300,true],"woocommerce_single":["https:\/\/econokleen.ca\/wp-content\/uploads\/2025\/03\/Photoroom-20241004_150017-600x600.png",600,600,true],"woocommerce_gallery_thumbnail":["https:\/\/econokleen.ca\/wp-content\/uploads\/2025\/03\/Photoroom-20241004_150017-100x100.png",100,100,true]},"uagb_author_info":{"display_name":"Elias","author_link":"https:\/\/econokleen.ca\/en\/author\/"},"uagb_comment_info":0,"uagb_excerpt":"Lotion nettoyante pour les mains de couleur mauve ou violette et contenant de la pierre ponce, qui peut \u00eatre utilis\u00e9e avec ou sans eau. Il est sp\u00e9cifiquement \u00e9labor\u00e9 pour \u00e9liminer les taches provenant de produits \u00e0 base d'ur\u00e9thane, d'encres d'impression, de peintures pour m\u00e9taux, d'\u00e9poxy, de goudron, ainsi que d'huiles et de graisses. La composition&hellip;","_links":{"self":[{"href":"https:\/\/econokleen.ca\/en\/wp-json\/wp\/v2\/product\/1673","targetHints":{"allow":["GET"]}}],"collection":[{"href":"https:\/\/econokleen.ca\/en\/wp-json\/wp\/v2\/product"}],"about":[{"href":"https:\/\/econokleen.ca\/en\/wp-json\/wp\/v2\/types\/product"}],"replies":[{"embeddable":true,"href":"https:\/\/econokleen.ca\/en\/wp-json\/wp\/v2\/comments?post=1673"}],"wp:featuredmedia":[{"embeddable":true,"href":"https:\/\/econokleen.ca\/en\/wp-json\/wp\/v2\/media\/1677"}],"wp:attachment":[{"href":"https:\/\/econokleen.ca\/en\/wp-json\/wp\/v2\/media?parent=1673"}],"wp:term":[{"taxonomy":"product_brand","embeddable":true,"href":"https:\/\/econokleen.ca\/en\/wp-json\/wp\/v2\/product_brand?post=1673"},{"taxonomy":"product_cat","embeddable":true,"href":"https:\/\/econokleen.ca\/en\/wp-json\/wp\/v2\/product_cat?post=1673"},{"taxonomy":"product_tag","embeddable":true,"href":"https:\/\/econokleen.ca\/en\/wp-json\/wp\/v2\/product_tag?post=1673"}],"curies":[{"name":"wp","href":"https:\/\/api.w.org\/{rel}","templated":true}]}}