{"id":1712,"date":"2025-03-24T10:33:12","date_gmt":"2025-03-24T10:33:12","guid":{"rendered":"https:\/\/econokleen.ca\/?post_type=product&#038;p=1712"},"modified":"2025-04-02T13:04:35","modified_gmt":"2025-04-02T13:04:35","slug":"hotix-2","status":"publish","type":"product","link":"https:\/\/econokleen.ca\/en\/product\/hotix-2\/","title":{"rendered":"HOTIX 2"},"content":{"rendered":"","protected":false},"excerpt":{"rendered":"<p>Ideal pour nos clients restaurateurs ou dans l\u2019industrie de la cuisine professionnelle, afin d\u2019\u00e9liminer les r\u00e9sidus de lavage pr\u00e9alable<\/p>","protected":false},"featured_media":1717,"comment_status":"open","ping_status":"closed","template":"","meta":{"_uag_custom_page_level_css":"","site-sidebar-layout":"default","site-content-layout":"","ast-site-content-layout":"default","site-content-style":"default","site-sidebar-style":"default","ast-global-header-display":"","ast-banner-title-visibility":"","ast-main-header-display":"","ast-hfb-above-header-display":"","ast-hfb-below-header-display":"","ast-hfb-mobile-header-display":"","site-post-title":"","ast-breadcrumbs-content":"","ast-featured-img":"","footer-sml-layout":"","ast-disable-related-posts":"","theme-transparent-header-meta":"default","adv-header-id-meta":"","stick-header-meta":"","header-above-stick-meta":"","header-main-stick-meta":"","header-below-stick-meta":"","astra-migrate-meta-layouts":"set","ast-page-background-enabled":"default","ast-page-background-meta":{"desktop":{"background-color":"","background-image":"","background-repeat":"repeat","background-position":"center center","background-size":"auto","background-attachment":"scroll","background-type":"","background-media":"","overlay-type":"","overlay-color":"","overlay-opacity":"","overlay-gradient":""},"tablet":{"background-color":"","background-image":"","background-repeat":"repeat","background-position":"center center","background-size":"auto","background-attachment":"scroll","background-type":"","background-media":"","overlay-type":"","overlay-color":"","overlay-opacity":"","overlay-gradient":""},"mobile":{"background-color":"","background-image":"","background-repeat":"repeat","background-position":"center center","background-size":"auto","background-attachment":"scroll","background-type":"","background-media":"","overlay-type":"","overlay-color":"","overlay-opacity":"","overlay-gradient":""}},"ast-content-background-meta":{"desktop":{"background-color":"var(--ast-global-color-5)","background-image":"","background-repeat":"repeat","background-position":"center center","background-size":"auto","background-attachment":"scroll","background-type":"","background-media":"","overlay-type":"","overlay-color":"","overlay-opacity":"","overlay-gradient":""},"tablet":{"background-color":"var(--ast-global-color-5)","background-image":"","background-repeat":"repeat","background-position":"center center","background-size":"auto","background-attachment":"scroll","background-type":"","background-media":"","overlay-type":"","overlay-color":"","overlay-opacity":"","overlay-gradient":""},"mobile":{"background-color":"var(--ast-global-color-5)","background-image":"","background-repeat":"repeat","background-position":"center center","background-size":"auto","background-attachment":"scroll","background-type":"","background-media":"","overlay-type":"","overlay-color":"","overlay-opacity":"","overlay-gradient":""}}},"product_brand":[44],"product_cat":[39,16],"product_tag":[],"class_list":{"0":"post-1712","1":"product","2":"type-product","3":"status-publish","4":"has-post-thumbnail","6":"product_brand-hotix","7":"product_cat-commerciel","8":"product_cat-produits-sanitaire","9":"desktop-align-center","10":"tablet-align-center","11":"mobile-align-center","13":"first","14":"instock","15":"shipping-taxable","16":"purchasable","17":"product-type-variable"},"spectra_custom_meta":{"total_sales":["0"],"_tax_status":["taxable"],"_tax_class":[""],"_manage_stock":["no"],"_backorders":["no"],"_sold_individually":["no"],"_virtual":["no"],"_downloadable":["no"],"_download_limit":["-1"],"_download_expiry":["-1"],"_thumbnail_id":["1717"],"_stock":[null],"_stock_status":["instock"],"_wc_average_rating":["0"],"_wc_review_count":["0"],"_product_attributes":["a:1:{s:6:\"volume\";a:6:{s:4:\"name\";s:6:\"Volume\";s:5:\"value\";s:34:\"Le 4L | La caisse de 4X4L | Le 20L\";s:8:\"position\";i:0;s:10:\"is_visible\";i:0;s:12:\"is_variation\";i:1;s:11:\"is_taxonomy\";i:0;}}"],"_product_version":["9.7.1"],"site-sidebar-layout":["default"],"ast-site-content-layout":["default"],"site-content-style":["default"],"site-sidebar-style":["default"],"theme-transparent-header-meta":["default"],"_edit_lock":["1747826593:2"],"_edit_last":["2"],"astra-migrate-meta-layouts":["set"],"_price":["26","71.99","91.99"],"_uag_css_file_name":["uag-css-1712.css"],"_uag_page_assets":["a:9:{s:3:\"css\";s:0:\"\";s:2:\"js\";s:0:\"\";s:18:\"current_block_list\";a:7:{i:0;s:11:\"core\/search\";i:1;s:10:\"core\/group\";i:2;s:12:\"core\/heading\";i:3;s:17:\"core\/latest-posts\";i:4;s:20:\"core\/latest-comments\";i:5;s:13:\"core\/archives\";i:6;s:15:\"core\/categories\";}s:8:\"uag_flag\";b:0;s:11:\"uag_version\";i:1776810390;s:6:\"gfonts\";a:0:{}s:10:\"gfonts_url\";s:0:\"\";s:12:\"gfonts_files\";a:0:{}s:14:\"uag_faq_layout\";b:0;}"]},"uagb_featured_image_src":{"full":["https:\/\/econokleen.ca\/wp-content\/uploads\/2025\/03\/2-4L.webp",2048,2048,false],"thumbnail":["https:\/\/econokleen.ca\/wp-content\/uploads\/2025\/03\/2-4L-150x150.webp",150,150,true],"medium":["https:\/\/econokleen.ca\/wp-content\/uploads\/2025\/03\/2-4L-300x300.webp",300,300,true],"medium_large":["https:\/\/econokleen.ca\/wp-content\/uploads\/2025\/03\/2-4L-768x768.webp",768,768,true],"large":["https:\/\/econokleen.ca\/wp-content\/uploads\/2025\/03\/2-4L-1024x1024.webp",1024,1024,true],"1536x1536":["https:\/\/econokleen.ca\/wp-content\/uploads\/2025\/03\/2-4L-1536x1536.webp",1536,1536,true],"2048x2048":["https:\/\/econokleen.ca\/wp-content\/uploads\/2025\/03\/2-4L.webp",2048,2048,false],"trp-custom-language-flag":["https:\/\/econokleen.ca\/wp-content\/uploads\/2025\/03\/2-4L.webp",12,12,false],"woocommerce_thumbnail":["https:\/\/econokleen.ca\/wp-content\/uploads\/2025\/03\/2-4L-300x300.webp",300,300,true],"woocommerce_single":["https:\/\/econokleen.ca\/wp-content\/uploads\/2025\/03\/2-4L-600x600.webp",600,600,true],"woocommerce_gallery_thumbnail":["https:\/\/econokleen.ca\/wp-content\/uploads\/2025\/03\/2-4L-100x100.webp",100,100,true]},"uagb_author_info":{"display_name":"Elias","author_link":"https:\/\/econokleen.ca\/en\/author\/"},"uagb_comment_info":0,"uagb_excerpt":"Ideal pour nos clients restaurateurs ou dans l\u2019industrie de la cuisine professionnelle, afin d\u2019\u00e9liminer les r\u00e9sidus de lavage pr\u00e9alable","_links":{"self":[{"href":"https:\/\/econokleen.ca\/en\/wp-json\/wp\/v2\/product\/1712","targetHints":{"allow":["GET"]}}],"collection":[{"href":"https:\/\/econokleen.ca\/en\/wp-json\/wp\/v2\/product"}],"about":[{"href":"https:\/\/econokleen.ca\/en\/wp-json\/wp\/v2\/types\/product"}],"replies":[{"embeddable":true,"href":"https:\/\/econokleen.ca\/en\/wp-json\/wp\/v2\/comments?post=1712"}],"wp:featuredmedia":[{"embeddable":true,"href":"https:\/\/econokleen.ca\/en\/wp-json\/wp\/v2\/media\/1717"}],"wp:attachment":[{"href":"https:\/\/econokleen.ca\/en\/wp-json\/wp\/v2\/media?parent=1712"}],"wp:term":[{"taxonomy":"product_brand","embeddable":true,"href":"https:\/\/econokleen.ca\/en\/wp-json\/wp\/v2\/product_brand?post=1712"},{"taxonomy":"product_cat","embeddable":true,"href":"https:\/\/econokleen.ca\/en\/wp-json\/wp\/v2\/product_cat?post=1712"},{"taxonomy":"product_tag","embeddable":true,"href":"https:\/\/econokleen.ca\/en\/wp-json\/wp\/v2\/product_tag?post=1712"}],"curies":[{"name":"wp","href":"https:\/\/api.w.org\/{rel}","templated":true}]}}