{"id":1745,"date":"2025-03-24T10:43:56","date_gmt":"2025-03-24T10:43:56","guid":{"rendered":"https:\/\/econokleen.ca\/?post_type=product&#038;p=1745"},"modified":"2025-04-02T14:43:58","modified_gmt":"2025-04-02T14:43:58","slug":"super-orange","status":"publish","type":"product","link":"https:\/\/econokleen.ca\/en\/product\/super-orange\/","title":{"rendered":"Super Orange"},"content":{"rendered":"","protected":false},"excerpt":{"rendered":"<p>Un excellent nettoyant\/d\u00e9graissant et d\u00e9sodorisant organique, intense et sans p\u00e9trole. Il ne contient pas de caustiques, d&rsquo;acides, de distillats de p\u00e9trole, d&rsquo;hydrocarbures chlor\u00e9s ou de solvants aromatiques chlor\u00e9s et il est enti\u00e8rement biod\u00e9gradable.<\/p>\n<p>Fabriqu\u00e9 \u00e0 partir de solvants d&rsquo;agrumes naturels, il est exempt de caustiques, d&rsquo;acides, de distillats de p\u00e9trole et de solvants chlor\u00e9s.<\/p>\n<p>Capacit\u00e9 de d\u00e9graissage similaire \u00e0 celle des solvants chlor\u00e9s et des distillats de p\u00e9trole<\/p>\n<p>Laisse un parfum d&rsquo;agrumes propre ; il ne sent pas le p\u00e9trole ou un solvant d\u00e9sagr\u00e9able.<\/p>\n<p>Il est conseill\u00e9 d&rsquo;utiliser ce produit pour d\u00e9graisser les sols, les \u00e9quipements et les pi\u00e8ces.<\/p>\n<p>Pour des raisons d&rsquo;\u00e9conomie, il s&rsquo;\u00e9mulsionne facilement avec de l&rsquo;eau.<\/p>","protected":false},"featured_media":1755,"comment_status":"open","ping_status":"closed","template":"","meta":{"_uag_custom_page_level_css":"","site-sidebar-layout":"default","site-content-layout":"","ast-site-content-layout":"default","site-content-style":"default","site-sidebar-style":"default","ast-global-header-display":"","ast-banner-title-visibility":"","ast-main-header-display":"","ast-hfb-above-header-display":"","ast-hfb-below-header-display":"","ast-hfb-mobile-header-display":"","site-post-title":"","ast-breadcrumbs-content":"","ast-featured-img":"","footer-sml-layout":"","ast-disable-related-posts":"","theme-transparent-header-meta":"default","adv-header-id-meta":"","stick-header-meta":"","header-above-stick-meta":"","header-main-stick-meta":"","header-below-stick-meta":"","astra-migrate-meta-layouts":"set","ast-page-background-enabled":"default","ast-page-background-meta":{"desktop":{"background-color":"","background-image":"","background-repeat":"repeat","background-position":"center center","background-size":"auto","background-attachment":"scroll","background-type":"","background-media":"","overlay-type":"","overlay-color":"","overlay-opacity":"","overlay-gradient":""},"tablet":{"background-color":"","background-image":"","background-repeat":"repeat","background-position":"center center","background-size":"auto","background-attachment":"scroll","background-type":"","background-media":"","overlay-type":"","overlay-color":"","overlay-opacity":"","overlay-gradient":""},"mobile":{"background-color":"","background-image":"","background-repeat":"repeat","background-position":"center center","background-size":"auto","background-attachment":"scroll","background-type":"","background-media":"","overlay-type":"","overlay-color":"","overlay-opacity":"","overlay-gradient":""}},"ast-content-background-meta":{"desktop":{"background-color":"var(--ast-global-color-5)","background-image":"","background-repeat":"repeat","background-position":"center center","background-size":"auto","background-attachment":"scroll","background-type":"","background-media":"","overlay-type":"","overlay-color":"","overlay-opacity":"","overlay-gradient":""},"tablet":{"background-color":"var(--ast-global-color-5)","background-image":"","background-repeat":"repeat","background-position":"center center","background-size":"auto","background-attachment":"scroll","background-type":"","background-media":"","overlay-type":"","overlay-color":"","overlay-opacity":"","overlay-gradient":""},"mobile":{"background-color":"var(--ast-global-color-5)","background-image":"","background-repeat":"repeat","background-position":"center center","background-size":"auto","background-attachment":"scroll","background-type":"","background-media":"","overlay-type":"","overlay-color":"","overlay-opacity":"","overlay-gradient":""}}},"product_brand":[],"product_cat":[42,41],"product_tag":[],"class_list":{"0":"post-1745","1":"product","2":"type-product","3":"status-publish","4":"has-post-thumbnail","6":"product_cat-degraisseur","7":"product_cat-divers","8":"desktop-align-center","9":"tablet-align-center","10":"mobile-align-center","12":"first","13":"instock","14":"shipping-taxable","15":"purchasable","16":"product-type-variable"},"spectra_custom_meta":{"total_sales":["0"],"_tax_status":["taxable"],"_tax_class":[""],"_manage_stock":["no"],"_backorders":["no"],"_sold_individually":["no"],"_virtual":["no"],"_downloadable":["no"],"_download_limit":["-1"],"_download_expiry":["-1"],"_thumbnail_id":["1755"],"_stock":[null],"_stock_status":["instock"],"_wc_average_rating":["0"],"_wc_review_count":["0"],"_product_attributes":["a:1:{s:6:\"volume\";a:6:{s:4:\"name\";s:6:\"Volume\";s:5:\"value\";s:41:\"Le 4L | Caisse de 4x4L | Le 20L | Le 205L\";s:8:\"position\";i:0;s:10:\"is_visible\";i:0;s:12:\"is_variation\";i:1;s:11:\"is_taxonomy\";i:0;}}"],"_product_version":["9.7.1"],"site-sidebar-layout":["default"],"ast-site-content-layout":["default"],"site-content-style":["default"],"site-sidebar-style":["default"],"theme-transparent-header-meta":["default"],"_edit_lock":["1743605038:2"],"_edit_last":["2"],"astra-migrate-meta-layouts":["set"],"_price":["419","3602"],"_wp_old_slug":["super-orange-big-orange"],"_uag_css_file_name":["uag-css-1745.css"],"_uag_page_assets":["a:9:{s:3:\"css\";s:0:\"\";s:2:\"js\";s:0:\"\";s:18:\"current_block_list\";a:7:{i:0;s:11:\"core\/search\";i:1;s:10:\"core\/group\";i:2;s:12:\"core\/heading\";i:3;s:17:\"core\/latest-posts\";i:4;s:20:\"core\/latest-comments\";i:5;s:13:\"core\/archives\";i:6;s:15:\"core\/categories\";}s:8:\"uag_flag\";b:0;s:11:\"uag_version\";i:1776810390;s:6:\"gfonts\";a:0:{}s:10:\"gfonts_url\";s:0:\"\";s:12:\"gfonts_files\";a:0:{}s:14:\"uag_faq_layout\";b:0;}"]},"uagb_featured_image_src":{"full":["https:\/\/econokleen.ca\/wp-content\/uploads\/2025\/03\/Photoroom-20241013_174845.webp",2048,2048,false],"thumbnail":["https:\/\/econokleen.ca\/wp-content\/uploads\/2025\/03\/Photoroom-20241013_174845-150x150.webp",150,150,true],"medium":["https:\/\/econokleen.ca\/wp-content\/uploads\/2025\/03\/Photoroom-20241013_174845-300x300.webp",300,300,true],"medium_large":["https:\/\/econokleen.ca\/wp-content\/uploads\/2025\/03\/Photoroom-20241013_174845-768x768.webp",768,768,true],"large":["https:\/\/econokleen.ca\/wp-content\/uploads\/2025\/03\/Photoroom-20241013_174845-1024x1024.webp",1024,1024,true],"1536x1536":["https:\/\/econokleen.ca\/wp-content\/uploads\/2025\/03\/Photoroom-20241013_174845-1536x1536.webp",1536,1536,true],"2048x2048":["https:\/\/econokleen.ca\/wp-content\/uploads\/2025\/03\/Photoroom-20241013_174845.webp",2048,2048,false],"trp-custom-language-flag":["https:\/\/econokleen.ca\/wp-content\/uploads\/2025\/03\/Photoroom-20241013_174845.webp",12,12,false],"woocommerce_thumbnail":["https:\/\/econokleen.ca\/wp-content\/uploads\/2025\/03\/Photoroom-20241013_174845-300x300.webp",300,300,true],"woocommerce_single":["https:\/\/econokleen.ca\/wp-content\/uploads\/2025\/03\/Photoroom-20241013_174845-600x600.webp",600,600,true],"woocommerce_gallery_thumbnail":["https:\/\/econokleen.ca\/wp-content\/uploads\/2025\/03\/Photoroom-20241013_174845-100x100.webp",100,100,true]},"uagb_author_info":{"display_name":"Elias","author_link":"https:\/\/econokleen.ca\/en\/author\/"},"uagb_comment_info":0,"uagb_excerpt":"Un excellent nettoyant\/d\u00e9graissant et d\u00e9sodorisant organique, intense et sans p\u00e9trole. Il ne contient pas de caustiques, d'acides, de distillats de p\u00e9trole, d'hydrocarbures chlor\u00e9s ou de solvants aromatiques chlor\u00e9s et il est enti\u00e8rement biod\u00e9gradable. Fabriqu\u00e9 \u00e0 partir de solvants d'agrumes naturels, il est exempt de caustiques, d'acides, de distillats de p\u00e9trole et de solvants chlor\u00e9s. Capacit\u00e9&hellip;","_links":{"self":[{"href":"https:\/\/econokleen.ca\/en\/wp-json\/wp\/v2\/product\/1745","targetHints":{"allow":["GET"]}}],"collection":[{"href":"https:\/\/econokleen.ca\/en\/wp-json\/wp\/v2\/product"}],"about":[{"href":"https:\/\/econokleen.ca\/en\/wp-json\/wp\/v2\/types\/product"}],"replies":[{"embeddable":true,"href":"https:\/\/econokleen.ca\/en\/wp-json\/wp\/v2\/comments?post=1745"}],"wp:featuredmedia":[{"embeddable":true,"href":"https:\/\/econokleen.ca\/en\/wp-json\/wp\/v2\/media\/1755"}],"wp:attachment":[{"href":"https:\/\/econokleen.ca\/en\/wp-json\/wp\/v2\/media?parent=1745"}],"wp:term":[{"taxonomy":"product_brand","embeddable":true,"href":"https:\/\/econokleen.ca\/en\/wp-json\/wp\/v2\/product_brand?post=1745"},{"taxonomy":"product_cat","embeddable":true,"href":"https:\/\/econokleen.ca\/en\/wp-json\/wp\/v2\/product_cat?post=1745"},{"taxonomy":"product_tag","embeddable":true,"href":"https:\/\/econokleen.ca\/en\/wp-json\/wp\/v2\/product_tag?post=1745"}],"curies":[{"name":"wp","href":"https:\/\/api.w.org\/{rel}","templated":true}]}}