{"id":1893,"date":"2025-04-02T15:40:11","date_gmt":"2025-04-02T15:40:11","guid":{"rendered":"https:\/\/econokleen.ca\/?post_type=product&#038;p=1893"},"modified":"2025-04-02T15:40:11","modified_gmt":"2025-04-02T15:40:11","slug":"auto-lav","status":"publish","type":"product","link":"https:\/\/econokleen.ca\/en\/product\/auto-lav\/","title":{"rendered":"AUTO-LAV"},"content":{"rendered":"","protected":false},"excerpt":{"rendered":"<p><em>Savon d\u00e9graisseur a la main pour auto<\/em><\/p>\n<p>D\u00e9tergent mousseux \u00e9co-responsable, sp\u00e9cialement \u00e9labor\u00e9 pour le nettoyage des voitures, bateaux, poids lourds et motos.<\/p>\n<p>Il est adapt\u00e9 id\u00e9alement pour le nettoyage manuel, mais se coordonne \u00e9galement avec le nettoyage automatique. Gr\u00e2ce \u00e0 son cocktail de nettoyants puissants et sa mousse g\u00e9n\u00e9reuse, ce produit \u00e9limine ais\u00e9ment la salet\u00e9, les insectes et autres impuret\u00e9s sans nuire \u00e0 la peinture, \u00e0 la cire, au rev\u00eatement protecteur, aux caoutchoucs ou au chrome. En outre, il renferme de la cire qui procure un aspect lustr\u00e9 et p\u00e9renne. Des r\u00e9sultats exceptionnels sur toutes sortes de peintures. Sans pr\u00e9sence de phosphates.<\/p>","protected":false},"featured_media":1898,"comment_status":"open","ping_status":"closed","template":"","meta":{"_uag_custom_page_level_css":"","site-sidebar-layout":"default","site-content-layout":"","ast-site-content-layout":"default","site-content-style":"default","site-sidebar-style":"default","ast-global-header-display":"","ast-banner-title-visibility":"","ast-main-header-display":"","ast-hfb-above-header-display":"","ast-hfb-below-header-display":"","ast-hfb-mobile-header-display":"","site-post-title":"","ast-breadcrumbs-content":"","ast-featured-img":"","footer-sml-layout":"","ast-disable-related-posts":"","theme-transparent-header-meta":"default","adv-header-id-meta":"","stick-header-meta":"","header-above-stick-meta":"","header-main-stick-meta":"","header-below-stick-meta":"","astra-migrate-meta-layouts":"set","ast-page-background-enabled":"default","ast-page-background-meta":{"desktop":{"background-color":"","background-image":"","background-repeat":"repeat","background-position":"center center","background-size":"auto","background-attachment":"scroll","background-type":"","background-media":"","overlay-type":"","overlay-color":"","overlay-opacity":"","overlay-gradient":""},"tablet":{"background-color":"","background-image":"","background-repeat":"repeat","background-position":"center center","background-size":"auto","background-attachment":"scroll","background-type":"","background-media":"","overlay-type":"","overlay-color":"","overlay-opacity":"","overlay-gradient":""},"mobile":{"background-color":"","background-image":"","background-repeat":"repeat","background-position":"center center","background-size":"auto","background-attachment":"scroll","background-type":"","background-media":"","overlay-type":"","overlay-color":"","overlay-opacity":"","overlay-gradient":""}},"ast-content-background-meta":{"desktop":{"background-color":"var(--ast-global-color-5)","background-image":"","background-repeat":"repeat","background-position":"center center","background-size":"auto","background-attachment":"scroll","background-type":"","background-media":"","overlay-type":"","overlay-color":"","overlay-opacity":"","overlay-gradient":""},"tablet":{"background-color":"var(--ast-global-color-5)","background-image":"","background-repeat":"repeat","background-position":"center center","background-size":"auto","background-attachment":"scroll","background-type":"","background-media":"","overlay-type":"","overlay-color":"","overlay-opacity":"","overlay-gradient":""},"mobile":{"background-color":"var(--ast-global-color-5)","background-image":"","background-repeat":"repeat","background-position":"center center","background-size":"auto","background-attachment":"scroll","background-type":"","background-media":"","overlay-type":"","overlay-color":"","overlay-opacity":"","overlay-gradient":""}}},"product_brand":[],"product_cat":[42,41],"product_tag":[],"class_list":{"0":"post-1893","1":"product","2":"type-product","3":"status-publish","4":"has-post-thumbnail","6":"product_cat-degraisseur","7":"product_cat-divers","8":"desktop-align-center","9":"tablet-align-center","10":"mobile-align-center","12":"first","13":"instock","14":"shipping-taxable","15":"purchasable","16":"product-type-variable"},"spectra_custom_meta":{"_edit_lock":["1743608373:2"],"_edit_last":["2"],"total_sales":["0"],"_tax_status":["taxable"],"_tax_class":[""],"_manage_stock":["no"],"_backorders":["no"],"_sold_individually":["no"],"_virtual":["no"],"_downloadable":["no"],"_download_limit":["-1"],"_download_expiry":["-1"],"_stock":[null],"_stock_status":["instock"],"_wc_average_rating":["0"],"_wc_review_count":["0"],"_product_attributes":["a:1:{s:6:\"volume\";a:6:{s:4:\"name\";s:6:\"Volume\";s:5:\"value\";s:22:\"4L | 4X4L | 20L | 205L\";s:8:\"position\";i:0;s:10:\"is_visible\";i:0;s:12:\"is_variation\";i:1;s:11:\"is_taxonomy\";i:0;}}"],"_product_version":["9.7.1"],"_price":["20","25","85","659.99"],"_thumbnail_id":["1898"],"_product_image_gallery":["1899,1900"],"site-sidebar-layout":["default"],"ast-site-content-layout":["default"],"site-content-style":["default"],"site-sidebar-style":["default"],"theme-transparent-header-meta":["default"],"astra-migrate-meta-layouts":["set"],"_uag_css_file_name":["uag-css-1893.css"],"_uag_page_assets":["a:9:{s:3:\"css\";s:260:\".uag-blocks-common-selector{z-index:var(--z-index-desktop) !important}@media(max-width: 976px){.uag-blocks-common-selector{z-index:var(--z-index-tablet) !important}}@media(max-width: 767px){.uag-blocks-common-selector{z-index:var(--z-index-mobile) !important}}\";s:2:\"js\";s:0:\"\";s:18:\"current_block_list\";a:7:{i:0;s:11:\"core\/search\";i:1;s:10:\"core\/group\";i:2;s:12:\"core\/heading\";i:3;s:17:\"core\/latest-posts\";i:4;s:20:\"core\/latest-comments\";i:5;s:13:\"core\/archives\";i:6;s:15:\"core\/categories\";}s:8:\"uag_flag\";b:0;s:11:\"uag_version\";i:1776810390;s:6:\"gfonts\";a:0:{}s:10:\"gfonts_url\";s:0:\"\";s:12:\"gfonts_files\";a:0:{}s:14:\"uag_faq_layout\";b:0;}"]},"uagb_featured_image_src":{"full":["https:\/\/econokleen.ca\/wp-content\/uploads\/2025\/04\/Photoroom-20241013_175725.png",2048,2048,false],"thumbnail":["https:\/\/econokleen.ca\/wp-content\/uploads\/2025\/04\/Photoroom-20241013_175725-150x150.png",150,150,true],"medium":["https:\/\/econokleen.ca\/wp-content\/uploads\/2025\/04\/Photoroom-20241013_175725-300x300.png",300,300,true],"medium_large":["https:\/\/econokleen.ca\/wp-content\/uploads\/2025\/04\/Photoroom-20241013_175725-768x768.png",768,768,true],"large":["https:\/\/econokleen.ca\/wp-content\/uploads\/2025\/04\/Photoroom-20241013_175725-1024x1024.png",1024,1024,true],"1536x1536":["https:\/\/econokleen.ca\/wp-content\/uploads\/2025\/04\/Photoroom-20241013_175725-1536x1536.png",1536,1536,true],"2048x2048":["https:\/\/econokleen.ca\/wp-content\/uploads\/2025\/04\/Photoroom-20241013_175725.png",2048,2048,false],"trp-custom-language-flag":["https:\/\/econokleen.ca\/wp-content\/uploads\/2025\/04\/Photoroom-20241013_175725.png",12,12,false],"woocommerce_thumbnail":["https:\/\/econokleen.ca\/wp-content\/uploads\/2025\/04\/Photoroom-20241013_175725-300x300.png",300,300,true],"woocommerce_single":["https:\/\/econokleen.ca\/wp-content\/uploads\/2025\/04\/Photoroom-20241013_175725-600x600.png",600,600,true],"woocommerce_gallery_thumbnail":["https:\/\/econokleen.ca\/wp-content\/uploads\/2025\/04\/Photoroom-20241013_175725-100x100.png",100,100,true]},"uagb_author_info":{"display_name":"Elias","author_link":"https:\/\/econokleen.ca\/en\/author\/"},"uagb_comment_info":1,"uagb_excerpt":"Savon d\u00e9graisseur a la main pour auto D\u00e9tergent mousseux \u00e9co-responsable, sp\u00e9cialement \u00e9labor\u00e9 pour le nettoyage des voitures, bateaux, poids lourds et motos. Il est adapt\u00e9 id\u00e9alement pour le nettoyage manuel, mais se coordonne \u00e9galement avec le nettoyage automatique. Gr\u00e2ce \u00e0 son cocktail de nettoyants puissants et sa mousse g\u00e9n\u00e9reuse, ce produit \u00e9limine ais\u00e9ment la salet\u00e9,&hellip;","_links":{"self":[{"href":"https:\/\/econokleen.ca\/en\/wp-json\/wp\/v2\/product\/1893","targetHints":{"allow":["GET"]}}],"collection":[{"href":"https:\/\/econokleen.ca\/en\/wp-json\/wp\/v2\/product"}],"about":[{"href":"https:\/\/econokleen.ca\/en\/wp-json\/wp\/v2\/types\/product"}],"replies":[{"embeddable":true,"href":"https:\/\/econokleen.ca\/en\/wp-json\/wp\/v2\/comments?post=1893"}],"wp:featuredmedia":[{"embeddable":true,"href":"https:\/\/econokleen.ca\/en\/wp-json\/wp\/v2\/media\/1898"}],"wp:attachment":[{"href":"https:\/\/econokleen.ca\/en\/wp-json\/wp\/v2\/media?parent=1893"}],"wp:term":[{"taxonomy":"product_brand","embeddable":true,"href":"https:\/\/econokleen.ca\/en\/wp-json\/wp\/v2\/product_brand?post=1893"},{"taxonomy":"product_cat","embeddable":true,"href":"https:\/\/econokleen.ca\/en\/wp-json\/wp\/v2\/product_cat?post=1893"},{"taxonomy":"product_tag","embeddable":true,"href":"https:\/\/econokleen.ca\/en\/wp-json\/wp\/v2\/product_tag?post=1893"}],"curies":[{"name":"wp","href":"https:\/\/api.w.org\/{rel}","templated":true}]}}