{"id":1901,"date":"2025-04-04T06:07:45","date_gmt":"2025-04-04T06:07:45","guid":{"rendered":"https:\/\/econokleen.ca\/?post_type=product&#038;p=1901"},"modified":"2025-04-04T06:07:46","modified_gmt":"2025-04-04T06:07:46","slug":"aceton","status":"publish","type":"product","link":"https:\/\/econokleen.ca\/en\/product\/aceton\/","title":{"rendered":"ACETON"},"content":{"rendered":"","protected":false},"excerpt":{"rendered":"<p>L&rsquo;ac\u00e9tone est un solvant puissant \u00e0 action rapide qui dissout et d\u00e9grade efficacement une vari\u00e9t\u00e9 de mat\u00e9riaux. Il facilite l&rsquo;\u00e9limination du ciment de contact, des adh\u00e9sifs et de la r\u00e9sine \u00e9poxy. Les r\u00e9sines de fibre de verre s&rsquo;amincissent avec son aide.<\/p>\n<p>Faites toujours un test sur une zone discr\u00e8te avant utilisation. Pour nettoyer les surfaces en fibre de verre ou en vinyle, diluez avec de l&rsquo;eau.<\/p>\n<p>D\u00e9cape, nettoie et se dissipe rapidement.<\/p>\n<p>rend les r\u00e9sines de fibre de verre plus fines. Selon les recommandations du fabricant de fibre de verre, la quantit\u00e9 peut varier.<\/p>\n<p>Pour nettoyer les surfaces en fibre de verre ou en vinyle, diluez avec de l&rsquo;eau.<\/p>\n<p>Pour \u00e9liminer les r\u00e9sidus collants des \u00e9tiquettes de prix sur la porcelaine et la verrerie.<\/p>","protected":false},"featured_media":1903,"comment_status":"open","ping_status":"closed","template":"","meta":{"_uag_custom_page_level_css":"","site-sidebar-layout":"default","site-content-layout":"","ast-site-content-layout":"default","site-content-style":"default","site-sidebar-style":"default","ast-global-header-display":"","ast-banner-title-visibility":"","ast-main-header-display":"","ast-hfb-above-header-display":"","ast-hfb-below-header-display":"","ast-hfb-mobile-header-display":"","site-post-title":"","ast-breadcrumbs-content":"","ast-featured-img":"","footer-sml-layout":"","ast-disable-related-posts":"","theme-transparent-header-meta":"default","adv-header-id-meta":"","stick-header-meta":"","header-above-stick-meta":"","header-main-stick-meta":"","header-below-stick-meta":"","astra-migrate-meta-layouts":"set","ast-page-background-enabled":"default","ast-page-background-meta":{"desktop":{"background-color":"","background-image":"","background-repeat":"repeat","background-position":"center center","background-size":"auto","background-attachment":"scroll","background-type":"","background-media":"","overlay-type":"","overlay-color":"","overlay-opacity":"","overlay-gradient":""},"tablet":{"background-color":"","background-image":"","background-repeat":"repeat","background-position":"center center","background-size":"auto","background-attachment":"scroll","background-type":"","background-media":"","overlay-type":"","overlay-color":"","overlay-opacity":"","overlay-gradient":""},"mobile":{"background-color":"","background-image":"","background-repeat":"repeat","background-position":"center center","background-size":"auto","background-attachment":"scroll","background-type":"","background-media":"","overlay-type":"","overlay-color":"","overlay-opacity":"","overlay-gradient":""}},"ast-content-background-meta":{"desktop":{"background-color":"var(--ast-global-color-5)","background-image":"","background-repeat":"repeat","background-position":"center center","background-size":"auto","background-attachment":"scroll","background-type":"","background-media":"","overlay-type":"","overlay-color":"","overlay-opacity":"","overlay-gradient":""},"tablet":{"background-color":"var(--ast-global-color-5)","background-image":"","background-repeat":"repeat","background-position":"center center","background-size":"auto","background-attachment":"scroll","background-type":"","background-media":"","overlay-type":"","overlay-color":"","overlay-opacity":"","overlay-gradient":""},"mobile":{"background-color":"var(--ast-global-color-5)","background-image":"","background-repeat":"repeat","background-position":"center center","background-size":"auto","background-attachment":"scroll","background-type":"","background-media":"","overlay-type":"","overlay-color":"","overlay-opacity":"","overlay-gradient":""}}},"product_brand":[],"product_cat":[41,43],"product_tag":[],"class_list":{"0":"post-1901","1":"product","2":"type-product","3":"status-publish","4":"has-post-thumbnail","6":"product_cat-divers","7":"product_cat-solvant","8":"desktop-align-center","9":"tablet-align-center","10":"mobile-align-center","12":"first","13":"instock","14":"shipping-taxable","15":"purchasable","16":"product-type-variable"},"spectra_custom_meta":{"_edit_lock":["1743746737:2"],"_edit_last":["2"],"total_sales":["0"],"_tax_status":["taxable"],"_tax_class":[""],"_manage_stock":["no"],"_backorders":["no"],"_sold_individually":["no"],"_virtual":["no"],"_downloadable":["no"],"_download_limit":["-1"],"_download_expiry":["-1"],"_stock":[null],"_stock_status":["instock"],"_wc_average_rating":["0"],"_wc_review_count":["0"],"_product_attributes":["a:1:{s:6:\"volume\";a:6:{s:4:\"name\";s:6:\"Volume\";s:5:\"value\";s:10:\"20L | 205L\";s:8:\"position\";i:0;s:10:\"is_visible\";i:0;s:12:\"is_variation\";i:1;s:11:\"is_taxonomy\";i:0;}}"],"_product_version":["9.7.1"],"_price":["135","1299.99"],"_thumbnail_id":["1903"],"site-sidebar-layout":["default"],"ast-site-content-layout":["default"],"site-content-style":["default"],"site-sidebar-style":["default"],"theme-transparent-header-meta":["default"],"astra-migrate-meta-layouts":["set"],"_uag_css_file_name":["uag-css-1901.css"],"_uag_page_assets":["a:9:{s:3:\"css\";s:0:\"\";s:2:\"js\";s:0:\"\";s:18:\"current_block_list\";a:7:{i:0;s:11:\"core\/search\";i:1;s:10:\"core\/group\";i:2;s:12:\"core\/heading\";i:3;s:17:\"core\/latest-posts\";i:4;s:20:\"core\/latest-comments\";i:5;s:13:\"core\/archives\";i:6;s:15:\"core\/categories\";}s:8:\"uag_flag\";b:0;s:11:\"uag_version\";i:1776810390;s:6:\"gfonts\";a:0:{}s:10:\"gfonts_url\";s:0:\"\";s:12:\"gfonts_files\";a:0:{}s:14:\"uag_faq_layout\";b:0;}"]},"uagb_featured_image_src":{"full":["https:\/\/econokleen.ca\/wp-content\/uploads\/2025\/04\/Photoroom-20250224_085345.png",2048,2048,false],"thumbnail":["https:\/\/econokleen.ca\/wp-content\/uploads\/2025\/04\/Photoroom-20250224_085345-150x150.png",150,150,true],"medium":["https:\/\/econokleen.ca\/wp-content\/uploads\/2025\/04\/Photoroom-20250224_085345-300x300.png",300,300,true],"medium_large":["https:\/\/econokleen.ca\/wp-content\/uploads\/2025\/04\/Photoroom-20250224_085345-768x768.png",768,768,true],"large":["https:\/\/econokleen.ca\/wp-content\/uploads\/2025\/04\/Photoroom-20250224_085345-1024x1024.png",1024,1024,true],"1536x1536":["https:\/\/econokleen.ca\/wp-content\/uploads\/2025\/04\/Photoroom-20250224_085345-1536x1536.png",1536,1536,true],"2048x2048":["https:\/\/econokleen.ca\/wp-content\/uploads\/2025\/04\/Photoroom-20250224_085345.png",2048,2048,false],"trp-custom-language-flag":["https:\/\/econokleen.ca\/wp-content\/uploads\/2025\/04\/Photoroom-20250224_085345.png",12,12,false],"woocommerce_thumbnail":["https:\/\/econokleen.ca\/wp-content\/uploads\/2025\/04\/Photoroom-20250224_085345-300x300.png",300,300,true],"woocommerce_single":["https:\/\/econokleen.ca\/wp-content\/uploads\/2025\/04\/Photoroom-20250224_085345-600x600.png",600,600,true],"woocommerce_gallery_thumbnail":["https:\/\/econokleen.ca\/wp-content\/uploads\/2025\/04\/Photoroom-20250224_085345-100x100.png",100,100,true]},"uagb_author_info":{"display_name":"Elias","author_link":"https:\/\/econokleen.ca\/en\/author\/"},"uagb_comment_info":0,"uagb_excerpt":"L'ac\u00e9tone est un solvant puissant \u00e0 action rapide qui dissout et d\u00e9grade efficacement une vari\u00e9t\u00e9 de mat\u00e9riaux. Il facilite l'\u00e9limination du ciment de contact, des adh\u00e9sifs et de la r\u00e9sine \u00e9poxy. Les r\u00e9sines de fibre de verre s'amincissent avec son aide. Faites toujours un test sur une zone discr\u00e8te avant utilisation. Pour nettoyer les surfaces&hellip;","_links":{"self":[{"href":"https:\/\/econokleen.ca\/en\/wp-json\/wp\/v2\/product\/1901","targetHints":{"allow":["GET"]}}],"collection":[{"href":"https:\/\/econokleen.ca\/en\/wp-json\/wp\/v2\/product"}],"about":[{"href":"https:\/\/econokleen.ca\/en\/wp-json\/wp\/v2\/types\/product"}],"replies":[{"embeddable":true,"href":"https:\/\/econokleen.ca\/en\/wp-json\/wp\/v2\/comments?post=1901"}],"wp:featuredmedia":[{"embeddable":true,"href":"https:\/\/econokleen.ca\/en\/wp-json\/wp\/v2\/media\/1903"}],"wp:attachment":[{"href":"https:\/\/econokleen.ca\/en\/wp-json\/wp\/v2\/media?parent=1901"}],"wp:term":[{"taxonomy":"product_brand","embeddable":true,"href":"https:\/\/econokleen.ca\/en\/wp-json\/wp\/v2\/product_brand?post=1901"},{"taxonomy":"product_cat","embeddable":true,"href":"https:\/\/econokleen.ca\/en\/wp-json\/wp\/v2\/product_cat?post=1901"},{"taxonomy":"product_tag","embeddable":true,"href":"https:\/\/econokleen.ca\/en\/wp-json\/wp\/v2\/product_tag?post=1901"}],"curies":[{"name":"wp","href":"https:\/\/api.w.org\/{rel}","templated":true}]}}